{"id":10,"date":"2025-06-30T15:12:21","date_gmt":"2025-06-30T15:12:21","guid":{"rendered":"https:\/\/serviciotmf.rkinformatika.online\/?page_id=10"},"modified":"2025-06-30T16:24:22","modified_gmt":"2025-06-30T16:24:22","slug":"inicio","status":"publish","type":"page","link":"https:\/\/serviciotmf.es\/en\/","title":{"rendered":"Home"},"content":{"rendered":"<div data-elementor-type=\"wp-page\" data-elementor-id=\"10\" class=\"elementor elementor-10\" data-elementor-post-type=\"page\">\n\t\t\t\t<div class=\"elementor-element elementor-element-ca1f315 e-flex e-con-boxed e-con e-parent\" data-id=\"ca1f315\" data-element_type=\"container\" data-e-type=\"container\" data-settings=\"{&quot;background_background&quot;:&quot;classic&quot;}\">\n\t\t\t\t\t<div class=\"e-con-inner\">\n\t\t\t\t<div class=\"elementor-element elementor-element-0807506 elementor-widget__width-initial elementor-invisible elementor-widget elementor-widget-heading\" data-id=\"0807506\" data-element_type=\"widget\" data-e-type=\"widget\" data-settings=\"{&quot;_animation&quot;:&quot;fadeInLeft&quot;}\" data-widget_type=\"heading.default\">\n\t\t\t\t<div class=\"elementor-widget-container\">\n\t\t\t\t\t<h2 class=\"elementor-heading-title elementor-size-default\">MECHANICAL WORKSHOP FORMENTERA {TMF}<\/h2>\t\t\t\t<\/div>\n\t\t\t\t<\/div>\n\t\t\t\t\t<\/div>\n\t\t\t\t<\/div>\n\t\t<div class=\"elementor-element elementor-element-c2a232e e-flex e-con-boxed e-con e-parent\" data-id=\"c2a232e\" data-element_type=\"container\" data-e-type=\"container\" data-settings=\"{&quot;background_background&quot;:&quot;classic&quot;}\">\n\t\t\t\t\t<div class=\"e-con-inner\">\n\t\t<div class=\"elementor-element elementor-element-cee0614 e-con-full e-flex e-con e-child\" data-id=\"cee0614\" data-element_type=\"container\" data-e-type=\"container\">\n\t\t\t\t<div class=\"elementor-element elementor-element-c588cb9 elementor-widget elementor-widget-heading\" data-id=\"c588cb9\" data-element_type=\"widget\" data-e-type=\"widget\" data-widget_type=\"heading.default\">\n\t\t\t\t<div class=\"elementor-widget-container\">\n\t\t\t\t\t<h2 class=\"elementor-heading-title elementor-size-default\">About Us<\/h2>\t\t\t\t<\/div>\n\t\t\t\t<\/div>\n\t\t\t\t<div class=\"elementor-element elementor-element-f68401f elementor-widget elementor-widget-text-editor\" data-id=\"f68401f\" data-element_type=\"widget\" data-e-type=\"widget\" data-widget_type=\"text-editor.default\">\n\t\t\t\t<div class=\"elementor-widget-container\">\n\t\t\t\t\t\t\t\t\t<p data-start=\"142\" data-end=\"407\">At Taller Mec\u00e1nica Formentera (TMF) we have been passionately dedicated to the automotive world for over 20 years. We are a trusted workshop in Formentera, specializing in vehicle maintenance and repair, as well as buying and selling cars.<\/p><p data-start=\"409\" data-end=\"645\">Our commitment is to offer a friendly, honest, and professional service tailored to the needs of each customer. From regular check-ups to complex mechanical repairs, at TMF we take care of your vehicle as if it were our own.<\/p><p data-start=\"647\" data-end=\"790\">Are you thinking about changing your car? We advise you throughout the entire buying process to help you find the vehicle that best suits you.<\/p><p data-start=\"792\" data-end=\"844\">Experience, trust, and dedication. That is TMF.<\/p>\t\t\t\t\t\t\t\t<\/div>\n\t\t\t\t<\/div>\n\t\t\t\t<\/div>\n\t\t<div class=\"elementor-element elementor-element-f7d3978 e-con-full e-flex e-con e-child\" data-id=\"f7d3978\" data-element_type=\"container\" data-e-type=\"container\">\n\t\t\t\t<div class=\"elementor-element elementor-element-6ed1e8a elementor-widget elementor-widget-image\" data-id=\"6ed1e8a\" data-element_type=\"widget\" data-e-type=\"widget\" data-widget_type=\"image.default\">\n\t\t\t\t<div class=\"elementor-widget-container\">\n\t\t\t\t\t\t\t\t\t\t\t\t\t\t\t<img fetchpriority=\"high\" decoding=\"async\" width=\"800\" height=\"534\" src=\"https:\/\/serviciotmf.es\/wp-content\/uploads\/2025\/06\/19689-1024x683.jpg\" class=\"attachment-large size-large wp-image-89\" alt=\"\" srcset=\"https:\/\/serviciotmf.es\/wp-content\/uploads\/2025\/06\/19689-1024x683.jpg 1024w, https:\/\/serviciotmf.es\/wp-content\/uploads\/2025\/06\/19689-300x200.jpg 300w, https:\/\/serviciotmf.es\/wp-content\/uploads\/2025\/06\/19689-768x513.jpg 768w, https:\/\/serviciotmf.es\/wp-content\/uploads\/2025\/06\/19689-18x12.jpg 18w, https:\/\/serviciotmf.es\/wp-content\/uploads\/2025\/06\/19689.jpg 1500w\" sizes=\"(max-width: 800px) 100vw, 800px\" \/>\t\t\t\t\t\t\t\t\t\t\t\t\t\t\t<\/div>\n\t\t\t\t<\/div>\n\t\t\t\t<\/div>\n\t\t\t\t\t<\/div>\n\t\t\t\t<\/div>\n\t\t<div class=\"elementor-element elementor-element-044b0fa e-con-full e-flex e-con e-parent\" data-id=\"044b0fa\" data-element_type=\"container\" data-e-type=\"container\" data-settings=\"{&quot;background_background&quot;:&quot;classic&quot;}\">\n\t\t\t\t<div class=\"elementor-element elementor-element-2184574 elementor-cta--skin-cover elementor-cta--valign-middle elementor-animated-content elementor-bg-transform elementor-bg-transform-zoom-in elementor-widget elementor-widget-call-to-action\" data-id=\"2184574\" data-element_type=\"widget\" data-e-type=\"widget\" data-widget_type=\"call-to-action.default\">\n\t\t\t\t<div class=\"elementor-widget-container\">\n\t\t\t\t\t\t\t<div class=\"elementor-cta\">\n\t\t\t\t\t<div class=\"elementor-cta__bg-wrapper\">\n\t\t\t\t<div class=\"elementor-cta__bg elementor-bg\" style=\"background-image: url(https:\/\/serviciotmf.es\/wp-content\/uploads\/2025\/06\/1257-1024x683.jpg);\" role=\"img\" aria-label=\"1257\"><\/div>\n\t\t\t\t<div class=\"elementor-cta__bg-overlay\"><\/div>\n\t\t\t<\/div>\n\t\t\t\t\t\t\t<div class=\"elementor-cta__content\">\n\t\t\t\t\n\t\t\t\t\t\t\t\t\t<h2 class=\"elementor-cta__title elementor-cta__content-item elementor-content-item elementor-animated-item--grow\">\n\t\t\t\t\t\tYour car, in good hands.\t\t\t\t\t<\/h2>\n\t\t\t\t\n\t\t\t\t\t\t\t\t\t<div class=\"elementor-cta__description elementor-cta__content-item elementor-content-item elementor-animated-item--grow\">\n\t\t\t\t\t\tDiscover all our maintenance, repair, and vehicle buying and selling services.\t\t\t\t\t<\/div>\n\t\t\t\t\n\t\t\t\t\t\t\t\t\t<div class=\"elementor-cta__button-wrapper elementor-cta__content-item elementor-content-item elementor-animated-item--grow\">\n\t\t\t\t\t<a class=\"elementor-cta__button elementor-button elementor-size-\" href=\"https:\/\/serviciotmf.es\/en\/servicios\/\">\n\t\t\t\t\t\tServices\t\t\t\t\t<\/a>\n\t\t\t\t\t<\/div>\n\t\t\t\t\t\t\t<\/div>\n\t\t\t\t\t\t<\/div>\n\t\t\t\t\t\t<\/div>\n\t\t\t\t<\/div>\n\t\t\t\t<\/div>\n\t\t\t\t<\/div>","protected":false},"excerpt":{"rendered":"<p>TALLER MECANICA FORMENTERA {TMF} Sobre Nosotros En Taller Mec\u00e1nica Formentera (TMF) llevamos m\u00e1s de 20 a\u00f1os dedic\u00e1ndonos con pasi\u00f3n al mundo del autom\u00f3vil. Somos un taller de confianza en Formentera, especializado en el mantenimiento y reparaci\u00f3n de veh\u00edculos, as\u00ed como en la compra y venta de coches. Nuestro compromiso es ofrecer un servicio cercano, honesto [&hellip;]<\/p>\n","protected":false},"author":1,"featured_media":0,"parent":0,"menu_order":0,"comment_status":"closed","ping_status":"closed","template":"elementor_canvas","meta":{"footnotes":""},"class_list":["post-10","page","type-page","status-publish","hentry"],"yoast_head":"<!-- This site is optimized with the Yoast SEO plugin v27.3 - https:\/\/yoast.com\/product\/yoast-seo-wordpress\/ -->\n<title>Inicio - TALLER MECANICA FORMENTERA<\/title>\n<meta name=\"robots\" content=\"index, follow, max-snippet:-1, max-image-preview:large, max-video-preview:-1\" \/>\n<link rel=\"canonical\" href=\"https:\/\/serviciotmf.es\/en\/\" \/>\n<meta property=\"og:locale\" content=\"en_GB\" \/>\n<meta property=\"og:type\" content=\"article\" \/>\n<meta property=\"og:title\" content=\"Inicio - TALLER MECANICA FORMENTERA\" \/>\n<meta property=\"og:description\" content=\"TALLER MECANICA FORMENTERA {TMF} Sobre Nosotros En Taller Mec\u00e1nica Formentera (TMF) llevamos m\u00e1s de 20 a\u00f1os dedic\u00e1ndonos con pasi\u00f3n al mundo del autom\u00f3vil. Somos un taller de confianza en Formentera, especializado en el mantenimiento y reparaci\u00f3n de veh\u00edculos, as\u00ed como en la compra y venta de coches. Nuestro compromiso es ofrecer un servicio cercano, honesto [&hellip;]\" \/>\n<meta property=\"og:url\" content=\"https:\/\/serviciotmf.es\/en\/\" \/>\n<meta property=\"og:site_name\" content=\"TALLER MECANICA FORMENTERA\" \/>\n<meta property=\"article:modified_time\" content=\"2025-06-30T16:24:22+00:00\" \/>\n<meta property=\"og:image\" content=\"https:\/\/serviciotmf.es\/wp-content\/uploads\/2025\/06\/19689-1024x683.jpg\" \/>\n<meta name=\"twitter:card\" content=\"summary_large_image\" \/>\n<meta name=\"twitter:label1\" content=\"Estimated reading time\" \/>\n\t<meta name=\"twitter:data1\" content=\"1 minute\" \/>\n<script type=\"application\/ld+json\" class=\"yoast-schema-graph\">{\"@context\":\"https:\\\/\\\/schema.org\",\"@graph\":[{\"@type\":\"WebPage\",\"@id\":\"https:\\\/\\\/serviciotmf.es\\\/\",\"url\":\"https:\\\/\\\/serviciotmf.es\\\/\",\"name\":\"Inicio - TALLER MECANICA FORMENTERA\",\"isPartOf\":{\"@id\":\"https:\\\/\\\/serviciotmf.es\\\/#website\"},\"primaryImageOfPage\":{\"@id\":\"https:\\\/\\\/serviciotmf.es\\\/#primaryimage\"},\"image\":{\"@id\":\"https:\\\/\\\/serviciotmf.es\\\/#primaryimage\"},\"thumbnailUrl\":\"https:\\\/\\\/serviciotmf.es\\\/wp-content\\\/uploads\\\/2025\\\/06\\\/19689-1024x683.jpg\",\"datePublished\":\"2025-06-30T15:12:21+00:00\",\"dateModified\":\"2025-06-30T16:24:22+00:00\",\"breadcrumb\":{\"@id\":\"https:\\\/\\\/serviciotmf.es\\\/#breadcrumb\"},\"inLanguage\":\"en-GB\",\"potentialAction\":[{\"@type\":\"ReadAction\",\"target\":[\"https:\\\/\\\/serviciotmf.es\\\/\"]}]},{\"@type\":\"ImageObject\",\"inLanguage\":\"en-GB\",\"@id\":\"https:\\\/\\\/serviciotmf.es\\\/#primaryimage\",\"url\":\"https:\\\/\\\/serviciotmf.es\\\/wp-content\\\/uploads\\\/2025\\\/06\\\/19689-1024x683.jpg\",\"contentUrl\":\"https:\\\/\\\/serviciotmf.es\\\/wp-content\\\/uploads\\\/2025\\\/06\\\/19689-1024x683.jpg\"},{\"@type\":\"BreadcrumbList\",\"@id\":\"https:\\\/\\\/serviciotmf.es\\\/#breadcrumb\",\"itemListElement\":[{\"@type\":\"ListItem\",\"position\":1,\"name\":\"Portada\",\"item\":\"https:\\\/\\\/serviciotmf.es\\\/\"},{\"@type\":\"ListItem\",\"position\":2,\"name\":\"Inicio\"}]},{\"@type\":\"WebSite\",\"@id\":\"https:\\\/\\\/serviciotmf.es\\\/#website\",\"url\":\"https:\\\/\\\/serviciotmf.es\\\/\",\"name\":\"TALLER MECANICA FORMENTERA\",\"description\":\"MANTENEMIENTO,REPARACION,COMPRAVENTA VEHICULOS\",\"publisher\":{\"@id\":\"https:\\\/\\\/serviciotmf.es\\\/#organization\"},\"potentialAction\":[{\"@type\":\"SearchAction\",\"target\":{\"@type\":\"EntryPoint\",\"urlTemplate\":\"https:\\\/\\\/serviciotmf.es\\\/?s={search_term_string}\"},\"query-input\":{\"@type\":\"PropertyValueSpecification\",\"valueRequired\":true,\"valueName\":\"search_term_string\"}}],\"inLanguage\":\"en-GB\"},{\"@type\":\"Organization\",\"@id\":\"https:\\\/\\\/serviciotmf.es\\\/#organization\",\"name\":\"TALLER MECANICA FORMENTERA\",\"url\":\"https:\\\/\\\/serviciotmf.es\\\/\",\"logo\":{\"@type\":\"ImageObject\",\"inLanguage\":\"en-GB\",\"@id\":\"https:\\\/\\\/serviciotmf.es\\\/#\\\/schema\\\/logo\\\/image\\\/\",\"url\":\"https:\\\/\\\/serviciotmf.es\\\/wp-content\\\/uploads\\\/2025\\\/06\\\/cropped-WhatsApp-Image-2025-06-12-at-16.03.54.jpeg\",\"contentUrl\":\"https:\\\/\\\/serviciotmf.es\\\/wp-content\\\/uploads\\\/2025\\\/06\\\/cropped-WhatsApp-Image-2025-06-12-at-16.03.54.jpeg\",\"width\":803,\"height\":789,\"caption\":\"TALLER MECANICA FORMENTERA\"},\"image\":{\"@id\":\"https:\\\/\\\/serviciotmf.es\\\/#\\\/schema\\\/logo\\\/image\\\/\"}}]}<\/script>\n<!-- \/ Yoast SEO plugin. -->","yoast_head_json":{"title":"Inicio - TALLER MECANICA FORMENTERA","robots":{"index":"index","follow":"follow","max-snippet":"max-snippet:-1","max-image-preview":"max-image-preview:large","max-video-preview":"max-video-preview:-1"},"canonical":"https:\/\/serviciotmf.es\/en\/","og_locale":"en_GB","og_type":"article","og_title":"Inicio - TALLER MECANICA FORMENTERA","og_description":"TALLER MECANICA FORMENTERA {TMF} Sobre Nosotros En Taller Mec\u00e1nica Formentera (TMF) llevamos m\u00e1s de 20 a\u00f1os dedic\u00e1ndonos con pasi\u00f3n al mundo del autom\u00f3vil. Somos un taller de confianza en Formentera, especializado en el mantenimiento y reparaci\u00f3n de veh\u00edculos, as\u00ed como en la compra y venta de coches. Nuestro compromiso es ofrecer un servicio cercano, honesto [&hellip;]","og_url":"https:\/\/serviciotmf.es\/en\/","og_site_name":"TALLER MECANICA FORMENTERA","article_modified_time":"2025-06-30T16:24:22+00:00","og_image":[{"url":"https:\/\/serviciotmf.es\/wp-content\/uploads\/2025\/06\/19689-1024x683.jpg","type":"","width":"","height":""}],"twitter_card":"summary_large_image","twitter_misc":{"Estimated reading time":"1 minute"},"schema":{"@context":"https:\/\/schema.org","@graph":[{"@type":"WebPage","@id":"https:\/\/serviciotmf.es\/","url":"https:\/\/serviciotmf.es\/","name":"Inicio - TALLER MECANICA FORMENTERA","isPartOf":{"@id":"https:\/\/serviciotmf.es\/#website"},"primaryImageOfPage":{"@id":"https:\/\/serviciotmf.es\/#primaryimage"},"image":{"@id":"https:\/\/serviciotmf.es\/#primaryimage"},"thumbnailUrl":"https:\/\/serviciotmf.es\/wp-content\/uploads\/2025\/06\/19689-1024x683.jpg","datePublished":"2025-06-30T15:12:21+00:00","dateModified":"2025-06-30T16:24:22+00:00","breadcrumb":{"@id":"https:\/\/serviciotmf.es\/#breadcrumb"},"inLanguage":"en-GB","potentialAction":[{"@type":"ReadAction","target":["https:\/\/serviciotmf.es\/"]}]},{"@type":"ImageObject","inLanguage":"en-GB","@id":"https:\/\/serviciotmf.es\/#primaryimage","url":"https:\/\/serviciotmf.es\/wp-content\/uploads\/2025\/06\/19689-1024x683.jpg","contentUrl":"https:\/\/serviciotmf.es\/wp-content\/uploads\/2025\/06\/19689-1024x683.jpg"},{"@type":"BreadcrumbList","@id":"https:\/\/serviciotmf.es\/#breadcrumb","itemListElement":[{"@type":"ListItem","position":1,"name":"Portada","item":"https:\/\/serviciotmf.es\/"},{"@type":"ListItem","position":2,"name":"Inicio"}]},{"@type":"WebSite","@id":"https:\/\/serviciotmf.es\/#website","url":"https:\/\/serviciotmf.es\/","name":"TALLER MECANICA FORMENTERA","description":"MANTENEMIENTO,REPARACION,COMPRAVENTA VEHICULOS","publisher":{"@id":"https:\/\/serviciotmf.es\/#organization"},"potentialAction":[{"@type":"SearchAction","target":{"@type":"EntryPoint","urlTemplate":"https:\/\/serviciotmf.es\/?s={search_term_string}"},"query-input":{"@type":"PropertyValueSpecification","valueRequired":true,"valueName":"search_term_string"}}],"inLanguage":"en-GB"},{"@type":"Organization","@id":"https:\/\/serviciotmf.es\/#organization","name":"TALLER MECANICA FORMENTERA","url":"https:\/\/serviciotmf.es\/","logo":{"@type":"ImageObject","inLanguage":"en-GB","@id":"https:\/\/serviciotmf.es\/#\/schema\/logo\/image\/","url":"https:\/\/serviciotmf.es\/wp-content\/uploads\/2025\/06\/cropped-WhatsApp-Image-2025-06-12-at-16.03.54.jpeg","contentUrl":"https:\/\/serviciotmf.es\/wp-content\/uploads\/2025\/06\/cropped-WhatsApp-Image-2025-06-12-at-16.03.54.jpeg","width":803,"height":789,"caption":"TALLER MECANICA FORMENTERA"},"image":{"@id":"https:\/\/serviciotmf.es\/#\/schema\/logo\/image\/"}}]}},"_links":{"self":[{"href":"https:\/\/serviciotmf.es\/en\/wp-json\/wp\/v2\/pages\/10","targetHints":{"allow":["GET"]}}],"collection":[{"href":"https:\/\/serviciotmf.es\/en\/wp-json\/wp\/v2\/pages"}],"about":[{"href":"https:\/\/serviciotmf.es\/en\/wp-json\/wp\/v2\/types\/page"}],"author":[{"embeddable":true,"href":"https:\/\/serviciotmf.es\/en\/wp-json\/wp\/v2\/users\/1"}],"replies":[{"embeddable":true,"href":"https:\/\/serviciotmf.es\/en\/wp-json\/wp\/v2\/comments?post=10"}],"version-history":[{"count":22,"href":"https:\/\/serviciotmf.es\/en\/wp-json\/wp\/v2\/pages\/10\/revisions"}],"predecessor-version":[{"id":108,"href":"https:\/\/serviciotmf.es\/en\/wp-json\/wp\/v2\/pages\/10\/revisions\/108"}],"wp:attachment":[{"href":"https:\/\/serviciotmf.es\/en\/wp-json\/wp\/v2\/media?parent=10"}],"curies":[{"name":"wp","href":"https:\/\/api.w.org\/{rel}","templated":true}]}}