{"id":13,"date":"2025-06-30T15:13:20","date_gmt":"2025-06-30T15:13:20","guid":{"rendered":"https:\/\/serviciotmf.rkinformatika.online\/?page_id=13"},"modified":"2025-07-01T08:01:20","modified_gmt":"2025-07-01T08:01:20","slug":"servicios","status":"publish","type":"page","link":"https:\/\/serviciotmf.es\/en\/servicios\/","title":{"rendered":"Services"},"content":{"rendered":"<div data-elementor-type=\"wp-page\" data-elementor-id=\"13\" class=\"elementor elementor-13\" data-elementor-post-type=\"page\">\n\t\t\t\t<div class=\"elementor-element elementor-element-f2aa36c e-flex e-con-boxed e-con e-parent\" data-id=\"f2aa36c\" data-element_type=\"container\" data-e-type=\"container\" data-settings=\"{&quot;background_background&quot;:&quot;classic&quot;}\">\n\t\t\t\t\t<div class=\"e-con-inner\">\n\t\t\t\t<div class=\"elementor-element elementor-element-69fffaa elementor-widget__width-initial elementor-invisible elementor-widget elementor-widget-heading\" data-id=\"69fffaa\" data-element_type=\"widget\" data-e-type=\"widget\" data-settings=\"{&quot;_animation&quot;:&quot;fadeInLeft&quot;}\" data-widget_type=\"heading.default\">\n\t\t\t\t<div class=\"elementor-widget-container\">\n\t\t\t\t\t<h2 class=\"elementor-heading-title elementor-size-default\">SERVICIOS {TMF}<\/h2>\t\t\t\t<\/div>\n\t\t\t\t<\/div>\n\t\t\t\t\t<\/div>\n\t\t\t\t<\/div>\n\t\t<div class=\"elementor-element elementor-element-3599bf9 e-flex e-con-boxed e-con e-parent\" data-id=\"3599bf9\" data-element_type=\"container\" data-e-type=\"container\">\n\t\t\t\t\t<div class=\"e-con-inner\">\n\t\t<div class=\"elementor-element elementor-element-1995886 e-con-full e-flex e-con e-child\" data-id=\"1995886\" data-element_type=\"container\" data-e-type=\"container\" data-settings=\"{&quot;background_background&quot;:&quot;classic&quot;}\">\n\t\t\t\t<div class=\"elementor-element elementor-element-8b0d296 elementor-widget elementor-widget-heading\" data-id=\"8b0d296\" data-element_type=\"widget\" data-e-type=\"widget\" data-widget_type=\"heading.default\">\n\t\t\t\t<div class=\"elementor-widget-container\">\n\t\t\t\t\t<h2 class=\"elementor-heading-title elementor-size-default\">Mantenimiento y Reparaci\u00f3n de Veh\u00edculos<\/h2>\t\t\t\t<\/div>\n\t\t\t\t<\/div>\n\t\t\t\t<div class=\"elementor-element elementor-element-f60bd80 elementor-widget elementor-widget-text-editor\" data-id=\"f60bd80\" data-element_type=\"widget\" data-e-type=\"widget\" data-widget_type=\"text-editor.default\">\n\t\t\t\t<div class=\"elementor-widget-container\">\n\t\t\t\t\t\t\t\t\t<p data-start=\"465\" data-end=\"641\">Realizamos todo tipo de tareas de mantenimiento preventivo y correctivo, para asegurar que tu coche funcione de forma segura y eficiente.<br data-start=\"602\" data-end=\"605\" \/>Entre nuestros servicios destacamos:<\/p><ul data-start=\"643\" data-end=\"953\"><li data-start=\"643\" data-end=\"722\"><p data-start=\"645\" data-end=\"722\">Revisiones completas y peri\u00f3dicas (aceite, filtros, frenos, neum\u00e1ticos, etc.)<\/p><\/li><li data-start=\"723\" data-end=\"769\"><p data-start=\"725\" data-end=\"769\">Diagnosis electr\u00f3nica y detecci\u00f3n de aver\u00edas<\/p><\/li><li data-start=\"770\" data-end=\"830\"><p data-start=\"772\" data-end=\"830\">Reparaci\u00f3n de motores, embragues, frenos, suspensi\u00f3n y m\u00e1s<\/p><\/li><li data-start=\"831\" data-end=\"862\"><p data-start=\"833\" data-end=\"862\">Recarga de aire acondicionado<\/p><\/li><li data-start=\"863\" data-end=\"912\"><p data-start=\"865\" data-end=\"912\">Sustituci\u00f3n de bater\u00edas, escapes, correas, etc.<\/p><\/li><li data-start=\"913\" data-end=\"953\"><p data-start=\"915\" data-end=\"953\">Preparaci\u00f3n para ITV y gesti\u00f3n de cita<\/p><\/li><\/ul><p data-start=\"955\" data-end=\"1072\">Nuestro objetivo es que tu veh\u00edculo est\u00e9 siempre en las mejores condiciones, con total transparencia y sin sorpresas.<\/p>\t\t\t\t\t\t\t\t<\/div>\n\t\t\t\t<\/div>\n\t\t\t\t<\/div>\n\t\t<div class=\"elementor-element elementor-element-a6aa3b4 e-con-full e-flex e-con e-child\" data-id=\"a6aa3b4\" data-element_type=\"container\" data-e-type=\"container\" data-settings=\"{&quot;background_background&quot;:&quot;classic&quot;}\">\n\t\t\t\t<div class=\"elementor-element elementor-element-1c41ae9 elementor-widget elementor-widget-heading\" data-id=\"1c41ae9\" data-element_type=\"widget\" data-e-type=\"widget\" data-widget_type=\"heading.default\">\n\t\t\t\t<div class=\"elementor-widget-container\">\n\t\t\t\t\t<h2 class=\"elementor-heading-title elementor-size-default\">Asesoramiento y Compra-Venta de Coches<\/h2>\t\t\t\t<\/div>\n\t\t\t\t<\/div>\n\t\t\t\t<div class=\"elementor-element elementor-element-a6fb4a3 elementor-widget elementor-widget-text-editor\" data-id=\"a6fb4a3\" data-element_type=\"widget\" data-e-type=\"widget\" data-widget_type=\"text-editor.default\">\n\t\t\t\t<div class=\"elementor-widget-container\">\n\t\t\t\t\t\t\t\t\t<p data-start=\"1130\" data-end=\"1222\">\u00bfEst\u00e1s pensando en comprar un coche? En TMF te acompa\u00f1amos en todo el proceso. Te ofrecemos:<\/p><ul data-start=\"1224\" data-end=\"1434\"><li data-start=\"1224\" data-end=\"1289\"><p data-start=\"1226\" data-end=\"1289\">Asesoramiento personalizado seg\u00fan tus necesidades y presupuesto<\/p><\/li><li data-start=\"1290\" data-end=\"1353\"><p data-start=\"1292\" data-end=\"1353\">Inspecci\u00f3n y revisi\u00f3n t\u00e9cnica de veh\u00edculos antes de la compra<\/p><\/li><li data-start=\"1354\" data-end=\"1396\"><p data-start=\"1356\" data-end=\"1396\">Venta de coches revisados y garantizados<\/p><\/li><li data-start=\"1397\" data-end=\"1434\"><p data-start=\"1399\" data-end=\"1434\">Gesti\u00f3n de documentaci\u00f3n y tr\u00e1mites<\/p><\/li><\/ul><p data-start=\"1436\" data-end=\"1631\">Queremos que compres con confianza y sin preocupaciones. Te ayudamos a encontrar el veh\u00edculo ideal, tanto si buscas algo econ\u00f3mico como si quieres algo m\u00e1s exclusivo para disfrutar en Formentera.<\/p>\t\t\t\t\t\t\t\t<\/div>\n\t\t\t\t<\/div>\n\t\t\t\t<\/div>\n\t\t\t\t\t<\/div>\n\t\t\t\t<\/div>\n\t\t<div class=\"elementor-element elementor-element-3931d2b e-con-full e-flex e-con e-parent\" data-id=\"3931d2b\" data-element_type=\"container\" data-e-type=\"container\" data-settings=\"{&quot;background_background&quot;:&quot;classic&quot;}\">\n\t\t\t\t<div class=\"elementor-element elementor-element-b285802 elementor-cta--skin-cover elementor-cta--valign-middle elementor-animated-content elementor-bg-transform elementor-bg-transform-zoom-in elementor-widget elementor-widget-call-to-action\" data-id=\"b285802\" data-element_type=\"widget\" data-e-type=\"widget\" data-widget_type=\"call-to-action.default\">\n\t\t\t\t<div class=\"elementor-widget-container\">\n\t\t\t\t\t\t\t<div class=\"elementor-cta\">\n\t\t\t\t\t<div class=\"elementor-cta__bg-wrapper\">\n\t\t\t\t<div class=\"elementor-cta__bg elementor-bg\" style=\"background-image: url(https:\/\/serviciotmf.es\/wp-content\/uploads\/2025\/06\/1257-1024x683.jpg);\" role=\"img\" aria-label=\"1257\"><\/div>\n\t\t\t\t<div class=\"elementor-cta__bg-overlay\"><\/div>\n\t\t\t<\/div>\n\t\t\t\t\t\t\t<div class=\"elementor-cta__content\">\n\t\t\t\t\n\t\t\t\t\t\t\t\t\t<h2 class=\"elementor-cta__title elementor-cta__content-item elementor-content-item elementor-animated-item--grow\">\n\t\t\t\t\t\t\u00bfNecesitas ayuda con tu coche? Estamos aqu\u00ed para ti.\t\t\t\t\t<\/h2>\n\t\t\t\t\n\t\t\t\t\t\t\t\t\t<div class=\"elementor-cta__description elementor-cta__content-item elementor-content-item elementor-animated-item--grow\">\n\t\t\t\t\t\tContacta con nosotros para reservar cita o pedir informaci\u00f3n.\t\t\t\t\t<\/div>\n\t\t\t\t\n\t\t\t\t\t\t\t\t\t<div class=\"elementor-cta__button-wrapper elementor-cta__content-item elementor-content-item elementor-animated-item--grow\">\n\t\t\t\t\t<a class=\"elementor-cta__button elementor-button elementor-size-\" href=\"https:\/\/serviciotmf.es\/en\/contacto\/\">\n\t\t\t\t\t\tContacts\t\t\t\t\t<\/a>\n\t\t\t\t\t<\/div>\n\t\t\t\t\t\t\t<\/div>\n\t\t\t\t\t\t<\/div>\n\t\t\t\t\t\t<\/div>\n\t\t\t\t<\/div>\n\t\t\t\t<\/div>\n\t\t\t\t<\/div>","protected":false},"excerpt":{"rendered":"<p>SERVICIOS {TMF} Mantenimiento y Reparaci\u00f3n de Veh\u00edculos Realizamos todo tipo de tareas de mantenimiento preventivo y correctivo, para asegurar que tu coche funcione de forma segura y eficiente.Entre nuestros servicios destacamos: Revisiones completas y peri\u00f3dicas (aceite, filtros, frenos, neum\u00e1ticos, etc.) Diagnosis electr\u00f3nica y detecci\u00f3n de aver\u00edas Reparaci\u00f3n de motores, embragues, frenos, suspensi\u00f3n y m\u00e1s Recarga [&hellip;]<\/p>\n","protected":false},"author":1,"featured_media":0,"parent":0,"menu_order":0,"comment_status":"closed","ping_status":"closed","template":"elementor_canvas","meta":{"footnotes":""},"class_list":["post-13","page","type-page","status-publish","hentry"],"yoast_head":"<!-- This site is optimized with the Yoast SEO plugin v27.3 - https:\/\/yoast.com\/product\/yoast-seo-wordpress\/ -->\n<title>Servicios - TALLER MECANICA FORMENTERA<\/title>\n<meta name=\"robots\" content=\"index, follow, max-snippet:-1, max-image-preview:large, max-video-preview:-1\" \/>\n<link rel=\"canonical\" href=\"https:\/\/serviciotmf.es\/en\/servicios\/\" \/>\n<meta property=\"og:locale\" content=\"en_GB\" \/>\n<meta property=\"og:type\" content=\"article\" \/>\n<meta property=\"og:title\" content=\"Servicios - TALLER MECANICA FORMENTERA\" \/>\n<meta property=\"og:description\" content=\"SERVICIOS {TMF} Mantenimiento y Reparaci\u00f3n de Veh\u00edculos Realizamos todo tipo de tareas de mantenimiento preventivo y correctivo, para asegurar que tu coche funcione de forma segura y eficiente.Entre nuestros servicios destacamos: Revisiones completas y peri\u00f3dicas (aceite, filtros, frenos, neum\u00e1ticos, etc.) Diagnosis electr\u00f3nica y detecci\u00f3n de aver\u00edas Reparaci\u00f3n de motores, embragues, frenos, suspensi\u00f3n y m\u00e1s Recarga [&hellip;]\" \/>\n<meta property=\"og:url\" content=\"https:\/\/serviciotmf.es\/en\/servicios\/\" \/>\n<meta property=\"og:site_name\" content=\"TALLER MECANICA FORMENTERA\" \/>\n<meta property=\"article:modified_time\" content=\"2025-07-01T08:01:20+00:00\" \/>\n<meta name=\"twitter:card\" content=\"summary_large_image\" \/>\n<meta name=\"twitter:label1\" content=\"Estimated reading time\" \/>\n\t<meta name=\"twitter:data1\" content=\"1 minute\" \/>\n<script type=\"application\/ld+json\" class=\"yoast-schema-graph\">{\"@context\":\"https:\\\/\\\/schema.org\",\"@graph\":[{\"@type\":\"WebPage\",\"@id\":\"https:\\\/\\\/serviciotmf.es\\\/servicios\\\/\",\"url\":\"https:\\\/\\\/serviciotmf.es\\\/servicios\\\/\",\"name\":\"Servicios - TALLER MECANICA FORMENTERA\",\"isPartOf\":{\"@id\":\"https:\\\/\\\/serviciotmf.es\\\/#website\"},\"datePublished\":\"2025-06-30T15:13:20+00:00\",\"dateModified\":\"2025-07-01T08:01:20+00:00\",\"breadcrumb\":{\"@id\":\"https:\\\/\\\/serviciotmf.es\\\/servicios\\\/#breadcrumb\"},\"inLanguage\":\"en-GB\",\"potentialAction\":[{\"@type\":\"ReadAction\",\"target\":[\"https:\\\/\\\/serviciotmf.es\\\/servicios\\\/\"]}]},{\"@type\":\"BreadcrumbList\",\"@id\":\"https:\\\/\\\/serviciotmf.es\\\/servicios\\\/#breadcrumb\",\"itemListElement\":[{\"@type\":\"ListItem\",\"position\":1,\"name\":\"Portada\",\"item\":\"https:\\\/\\\/serviciotmf.es\\\/\"},{\"@type\":\"ListItem\",\"position\":2,\"name\":\"Servicios\"}]},{\"@type\":\"WebSite\",\"@id\":\"https:\\\/\\\/serviciotmf.es\\\/#website\",\"url\":\"https:\\\/\\\/serviciotmf.es\\\/\",\"name\":\"TALLER MECANICA FORMENTERA\",\"description\":\"MANTENEMIENTO,REPARACION,COMPRAVENTA VEHICULOS\",\"publisher\":{\"@id\":\"https:\\\/\\\/serviciotmf.es\\\/#organization\"},\"potentialAction\":[{\"@type\":\"SearchAction\",\"target\":{\"@type\":\"EntryPoint\",\"urlTemplate\":\"https:\\\/\\\/serviciotmf.es\\\/?s={search_term_string}\"},\"query-input\":{\"@type\":\"PropertyValueSpecification\",\"valueRequired\":true,\"valueName\":\"search_term_string\"}}],\"inLanguage\":\"en-GB\"},{\"@type\":\"Organization\",\"@id\":\"https:\\\/\\\/serviciotmf.es\\\/#organization\",\"name\":\"TALLER MECANICA FORMENTERA\",\"url\":\"https:\\\/\\\/serviciotmf.es\\\/\",\"logo\":{\"@type\":\"ImageObject\",\"inLanguage\":\"en-GB\",\"@id\":\"https:\\\/\\\/serviciotmf.es\\\/#\\\/schema\\\/logo\\\/image\\\/\",\"url\":\"https:\\\/\\\/serviciotmf.es\\\/wp-content\\\/uploads\\\/2025\\\/06\\\/cropped-WhatsApp-Image-2025-06-12-at-16.03.54.jpeg\",\"contentUrl\":\"https:\\\/\\\/serviciotmf.es\\\/wp-content\\\/uploads\\\/2025\\\/06\\\/cropped-WhatsApp-Image-2025-06-12-at-16.03.54.jpeg\",\"width\":803,\"height\":789,\"caption\":\"TALLER MECANICA FORMENTERA\"},\"image\":{\"@id\":\"https:\\\/\\\/serviciotmf.es\\\/#\\\/schema\\\/logo\\\/image\\\/\"}}]}<\/script>\n<!-- \/ Yoast SEO plugin. -->","yoast_head_json":{"title":"Servicios - TALLER MECANICA FORMENTERA","robots":{"index":"index","follow":"follow","max-snippet":"max-snippet:-1","max-image-preview":"max-image-preview:large","max-video-preview":"max-video-preview:-1"},"canonical":"https:\/\/serviciotmf.es\/en\/servicios\/","og_locale":"en_GB","og_type":"article","og_title":"Servicios - TALLER MECANICA FORMENTERA","og_description":"SERVICIOS {TMF} Mantenimiento y Reparaci\u00f3n de Veh\u00edculos Realizamos todo tipo de tareas de mantenimiento preventivo y correctivo, para asegurar que tu coche funcione de forma segura y eficiente.Entre nuestros servicios destacamos: Revisiones completas y peri\u00f3dicas (aceite, filtros, frenos, neum\u00e1ticos, etc.) Diagnosis electr\u00f3nica y detecci\u00f3n de aver\u00edas Reparaci\u00f3n de motores, embragues, frenos, suspensi\u00f3n y m\u00e1s Recarga [&hellip;]","og_url":"https:\/\/serviciotmf.es\/en\/servicios\/","og_site_name":"TALLER MECANICA FORMENTERA","article_modified_time":"2025-07-01T08:01:20+00:00","twitter_card":"summary_large_image","twitter_misc":{"Estimated reading time":"1 minute"},"schema":{"@context":"https:\/\/schema.org","@graph":[{"@type":"WebPage","@id":"https:\/\/serviciotmf.es\/servicios\/","url":"https:\/\/serviciotmf.es\/servicios\/","name":"Servicios - TALLER MECANICA FORMENTERA","isPartOf":{"@id":"https:\/\/serviciotmf.es\/#website"},"datePublished":"2025-06-30T15:13:20+00:00","dateModified":"2025-07-01T08:01:20+00:00","breadcrumb":{"@id":"https:\/\/serviciotmf.es\/servicios\/#breadcrumb"},"inLanguage":"en-GB","potentialAction":[{"@type":"ReadAction","target":["https:\/\/serviciotmf.es\/servicios\/"]}]},{"@type":"BreadcrumbList","@id":"https:\/\/serviciotmf.es\/servicios\/#breadcrumb","itemListElement":[{"@type":"ListItem","position":1,"name":"Portada","item":"https:\/\/serviciotmf.es\/"},{"@type":"ListItem","position":2,"name":"Servicios"}]},{"@type":"WebSite","@id":"https:\/\/serviciotmf.es\/#website","url":"https:\/\/serviciotmf.es\/","name":"TALLER MECANICA FORMENTERA","description":"MANTENEMIENTO,REPARACION,COMPRAVENTA VEHICULOS","publisher":{"@id":"https:\/\/serviciotmf.es\/#organization"},"potentialAction":[{"@type":"SearchAction","target":{"@type":"EntryPoint","urlTemplate":"https:\/\/serviciotmf.es\/?s={search_term_string}"},"query-input":{"@type":"PropertyValueSpecification","valueRequired":true,"valueName":"search_term_string"}}],"inLanguage":"en-GB"},{"@type":"Organization","@id":"https:\/\/serviciotmf.es\/#organization","name":"TALLER MECANICA FORMENTERA","url":"https:\/\/serviciotmf.es\/","logo":{"@type":"ImageObject","inLanguage":"en-GB","@id":"https:\/\/serviciotmf.es\/#\/schema\/logo\/image\/","url":"https:\/\/serviciotmf.es\/wp-content\/uploads\/2025\/06\/cropped-WhatsApp-Image-2025-06-12-at-16.03.54.jpeg","contentUrl":"https:\/\/serviciotmf.es\/wp-content\/uploads\/2025\/06\/cropped-WhatsApp-Image-2025-06-12-at-16.03.54.jpeg","width":803,"height":789,"caption":"TALLER MECANICA FORMENTERA"},"image":{"@id":"https:\/\/serviciotmf.es\/#\/schema\/logo\/image\/"}}]}},"_links":{"self":[{"href":"https:\/\/serviciotmf.es\/en\/wp-json\/wp\/v2\/pages\/13","targetHints":{"allow":["GET"]}}],"collection":[{"href":"https:\/\/serviciotmf.es\/en\/wp-json\/wp\/v2\/pages"}],"about":[{"href":"https:\/\/serviciotmf.es\/en\/wp-json\/wp\/v2\/types\/page"}],"author":[{"embeddable":true,"href":"https:\/\/serviciotmf.es\/en\/wp-json\/wp\/v2\/users\/1"}],"replies":[{"embeddable":true,"href":"https:\/\/serviciotmf.es\/en\/wp-json\/wp\/v2\/comments?post=13"}],"version-history":[{"count":40,"href":"https:\/\/serviciotmf.es\/en\/wp-json\/wp\/v2\/pages\/13\/revisions"}],"predecessor-version":[{"id":189,"href":"https:\/\/serviciotmf.es\/en\/wp-json\/wp\/v2\/pages\/13\/revisions\/189"}],"wp:attachment":[{"href":"https:\/\/serviciotmf.es\/en\/wp-json\/wp\/v2\/media?parent=13"}],"curies":[{"name":"wp","href":"https:\/\/api.w.org\/{rel}","templated":true}]}}